{"id":557,"date":"2024-07-11T15:09:35","date_gmt":"2024-07-11T12:09:35","guid":{"rendered":"https:\/\/nctrobotic.com\/?post_type=product&#038;p=557"},"modified":"2024-07-11T15:23:21","modified_gmt":"2024-07-11T12:23:21","slug":"c-m400l","status":"publish","type":"product","link":"https:\/\/nctrobotic.com\/tr\/product\/c-m400l","title":{"rendered":"C-M400L"},"content":{"rendered":"<p><strong>Geli\u015fmi\u015f Navigasyon<\/strong><br \/>\nC-M400L, do\u011fru y\u00f6nlendirme ve navigasyon i\u00e7in y\u00fcksek hassasiyetli bir IMU sens\u00f6r\u00fc ile entegre edilmi\u015ftir.<\/p>\n<p><strong>Otonom \u00c7al\u0131\u015fma<\/strong><br \/>\nY\u00fckleri al\u0131r, g\u00fcvenli bir \u015fekilde belirlenen hedefe ta\u015f\u0131r ve otomatik olarak yerle\u015ftirir.<\/p>\n<p><strong>Engel Tespiti ve Ka\u00e7\u0131nma<\/strong><br \/>\nC-M400L ani engelleri h\u0131zla alg\u0131lar ve yan\u0131t verir, g\u00fcvenli ve verimli \u00e7al\u0131\u015fma sa\u011flamak i\u00e7in rotas\u0131n\u0131 dinamik olarak ayarlar.<\/p>\n<p><strong>Dayan\u0131kl\u0131 Yap\u0131<\/strong><br \/>\nZorlu depo ortamlar\u0131nda dayan\u0131kl\u0131l\u0131k ve g\u00fcvenilirlik i\u00e7in \u00fcretilmi\u015ftir.<\/p>\n<p><strong>Uzaktan Ba\u011flant\u0131<\/strong><br \/>\nC-M400L'yi bir bilgisayar veya tablet arac\u0131l\u0131\u011f\u0131yla Wi-Fi \u00fczerinden kontrol edebilir ve izleyebilir ve bir mobil uygulama arac\u0131l\u0131\u011f\u0131yla Bluetooth \u00fczerinden komut verebilirsiniz.<\/p>\n<p><strong>Entegre Konvey\u00f6r Kald\u0131rma Sistemi<\/strong><br \/>\nRobotun y\u00fckleri almas\u0131n\u0131 ve ta\u015f\u0131mas\u0131n\u0131 sa\u011flayan 200 kg'a kadar kald\u0131rma kapasitesine sahip bir konvey\u00f6r kald\u0131rma sistemi.<\/p>","protected":false},"featured_media":558,"parent":0,"template":"","meta":{"_acf_changed":false},"product-type":[10],"class_list":["post-557","product","type-product","status-publish","has-post-thumbnail","hentry","product-type-autonomus-mobile-robot"],"acf":[],"_links":{"self":[{"href":"https:\/\/nctrobotic.com\/tr\/wp-json\/wp\/v2\/product\/557","targetHints":{"allow":["GET"]}}],"collection":[{"href":"https:\/\/nctrobotic.com\/tr\/wp-json\/wp\/v2\/product"}],"about":[{"href":"https:\/\/nctrobotic.com\/tr\/wp-json\/wp\/v2\/types\/product"}],"version-history":[{"count":5,"href":"https:\/\/nctrobotic.com\/tr\/wp-json\/wp\/v2\/product\/557\/revisions"}],"predecessor-version":[{"id":576,"href":"https:\/\/nctrobotic.com\/tr\/wp-json\/wp\/v2\/product\/557\/revisions\/576"}],"wp:featuredmedia":[{"embeddable":true,"href":"https:\/\/nctrobotic.com\/tr\/wp-json\/wp\/v2\/media\/558"}],"wp:attachment":[{"href":"https:\/\/nctrobotic.com\/tr\/wp-json\/wp\/v2\/media?parent=557"}],"wp:term":[{"taxonomy":"product-type","embeddable":true,"href":"https:\/\/nctrobotic.com\/tr\/wp-json\/wp\/v2\/product-type?post=557"}],"curies":[{"name":"wp","href":"https:\/\/api.w.org\/{rel}","templated":true}]}}