{"id":551,"date":"2024-07-11T15:05:00","date_gmt":"2024-07-11T12:05:00","guid":{"rendered":"https:\/\/nctrobotic.com\/?post_type=product&#038;p=551"},"modified":"2024-07-11T16:20:06","modified_gmt":"2024-07-11T13:20:06","slug":"c-m400","status":"publish","type":"product","link":"https:\/\/nctrobotic.com\/tr\/product\/c-m400","title":{"rendered":"C-M400"},"content":{"rendered":"<p><strong>Geli\u015fmi\u015f Navigasyon<\/strong><br \/>\nC-M400, do\u011fru y\u00f6nlendirme ve navigasyon i\u00e7in y\u00fcksek hassasiyetli bir IMU sens\u00f6r\u00fc ile entegre edilmi\u015ftir.<\/p>\n<p><strong>Otonom \u00c7al\u0131\u015fma<\/strong><br \/>\nY\u00fckleri al\u0131r, g\u00fcvenli bir \u015fekilde belirlenen hedefe ta\u015f\u0131r ve otomatik olarak yerle\u015ftirir.<\/p>\n<p><strong>Engel Tespiti ve Ka\u00e7\u0131nma<\/strong><br \/>\nC-M400 ani engelleri h\u0131zla alg\u0131lar ve tepki verir, g\u00fcvenli ve verimli \u00e7al\u0131\u015fma sa\u011flamak i\u00e7in rotas\u0131n\u0131 dinamik olarak ayarlar.<\/p>\n<p><strong>Dayan\u0131kl\u0131 Yap\u0131<\/strong><br \/>\nZorlu depo ortamlar\u0131nda dayan\u0131kl\u0131l\u0131k ve g\u00fcvenilirlik i\u00e7in \u00fcretilmi\u015ftir.<\/p>\n<p><strong>Uzaktan Ba\u011flant\u0131<\/strong><br \/>\nC-M400'\u00fc bir bilgisayar veya tablet arac\u0131l\u0131\u011f\u0131yla Wi-Fi \u00fczerinden kontrol edebilir ve izleyebilir ve bir mobil uygulama arac\u0131l\u0131\u011f\u0131yla Bluetooth \u00fczerinden komut verebilirsiniz.<\/p>","protected":false},"featured_media":552,"parent":0,"template":"","meta":{"_acf_changed":false},"product-type":[10],"class_list":["post-551","product","type-product","status-publish","has-post-thumbnail","hentry","product-type-autonomus-mobile-robot"],"acf":[],"_links":{"self":[{"href":"https:\/\/nctrobotic.com\/tr\/wp-json\/wp\/v2\/product\/551","targetHints":{"allow":["GET"]}}],"collection":[{"href":"https:\/\/nctrobotic.com\/tr\/wp-json\/wp\/v2\/product"}],"about":[{"href":"https:\/\/nctrobotic.com\/tr\/wp-json\/wp\/v2\/types\/product"}],"version-history":[{"count":3,"href":"https:\/\/nctrobotic.com\/tr\/wp-json\/wp\/v2\/product\/551\/revisions"}],"predecessor-version":[{"id":624,"href":"https:\/\/nctrobotic.com\/tr\/wp-json\/wp\/v2\/product\/551\/revisions\/624"}],"wp:featuredmedia":[{"embeddable":true,"href":"https:\/\/nctrobotic.com\/tr\/wp-json\/wp\/v2\/media\/552"}],"wp:attachment":[{"href":"https:\/\/nctrobotic.com\/tr\/wp-json\/wp\/v2\/media?parent=551"}],"wp:term":[{"taxonomy":"product-type","embeddable":true,"href":"https:\/\/nctrobotic.com\/tr\/wp-json\/wp\/v2\/product-type?post=551"}],"curies":[{"name":"wp","href":"https:\/\/api.w.org\/{rel}","templated":true}]}}