{"id":237,"date":"2024-07-10T22:24:59","date_gmt":"2024-07-10T19:24:59","guid":{"rendered":"https:\/\/nctrobotic.com\/?page_id=237"},"modified":"2024-07-11T15:24:45","modified_gmt":"2024-07-11T12:24:45","slug":"market","status":"publish","type":"page","link":"https:\/\/nctrobotic.com\/tr\/market","title":{"rendered":"Pazar"},"content":{"rendered":"<div data-elementor-type=\"wp-page\" data-elementor-id=\"237\" class=\"elementor elementor-237\" data-elementor-post-type=\"page\">\n\t\t\t\t<div class=\"elementor-element elementor-element-4906091 e-flex e-con-boxed e-con e-parent\" data-id=\"4906091\" data-element_type=\"container\" data-e-type=\"container\">\n\t\t\t\t\t<div class=\"e-con-inner\">\n\t\t<div class=\"elementor-element elementor-element-54f32e2e e-flex e-con-boxed e-con e-child\" data-id=\"54f32e2e\" data-element_type=\"container\" data-e-type=\"container\">\n\t\t\t\t\t<div class=\"e-con-inner\">\n\t\t<div class=\"elementor-element elementor-element-1058f50b e-con-full e-flex e-con e-child\" data-id=\"1058f50b\" data-element_type=\"container\" data-e-type=\"container\">\n\t\t\t\t<div class=\"elementor-element elementor-element-74f59727 elementor-widget elementor-widget-heading\" data-id=\"74f59727\" data-element_type=\"widget\" data-e-type=\"widget\" data-widget_type=\"heading.default\">\n\t\t\t\t<div class=\"elementor-widget-container\">\n\t\t\t\t\t<span class=\"elementor-heading-title elementor-size-default\">D\u00f6n\u00fc\u015fen Sekt\u00f6rler:<\/span>\t\t\t\t<\/div>\n\t\t\t\t<\/div>\n\t\t\t\t<div class=\"elementor-element elementor-element-1df31eaa animated-slow elementor-invisible elementor-widget elementor-widget-heading\" data-id=\"1df31eaa\" data-element_type=\"widget\" data-e-type=\"widget\" data-settings=\"{&quot;_animation&quot;:&quot;fadeInUp&quot;}\" data-widget_type=\"heading.default\">\n\t\t\t\t<div class=\"elementor-widget-container\">\n\t\t\t\t\t<h2 class=\"elementor-heading-title elementor-size-default\"> T\u00fcrkiye'de Otonom Robotlar\u0131n Y\u00fckseli\u015fi<\/h2>\t\t\t\t<\/div>\n\t\t\t\t<\/div>\n\t\t\t\t<div class=\"elementor-element elementor-element-3a59122a elementor-widget elementor-widget-text-editor\" data-id=\"3a59122a\" data-element_type=\"widget\" data-e-type=\"widget\" data-widget_type=\"text-editor.default\">\n\t\t\t\t<div class=\"elementor-widget-container\">\n\t\t\t\t\t\t\t\t\t<p>Otonom robotlar \u015fu alanlarda giderek daha fazla kullan\u0131l\u0131yor <strong>havaalanlar\u0131, sa\u011fl\u0131k hizmetleri, al\u0131\u015fveri\u015f merkezleri,<\/strong> ve <strong>end\u00fcstri\u0307yel b\u00f6lgeler<\/strong>.<\/p><p>T\u00fcrkiye'de bir\u00e7ok \u015firket bu alanda ilerlemekte, verimlili\u011fi art\u0131rmakta ve maliyetleri d\u00fc\u015f\u00fcrmektedir.<\/p><p>Bu robotlar havaalanlar\u0131nda yolcu y\u00f6nlendirme, sa\u011fl\u0131k hizmetlerinde ila\u00e7 da\u011f\u0131t\u0131m\u0131 ve al\u0131\u015fveri\u015f merkezlerinde envanter y\u00f6netimi gibi g\u00f6revleri yerine getiriyor.<\/p>\t\t\t\t\t\t\t\t<\/div>\n\t\t\t\t<\/div>\n\t\t\t\t<\/div>\n\t\t<div class=\"elementor-element elementor-element-3358b527 e-con-full e-flex e-con e-child\" data-id=\"3358b527\" data-element_type=\"container\" data-e-type=\"container\" data-settings=\"{&quot;background_background&quot;:&quot;classic&quot;}\">\n\t\t\t\t<\/div>\n\t\t\t\t\t<\/div>\n\t\t\t\t<\/div>\n\t\t\t\t\t<\/div>\n\t\t\t\t<\/div>\n\t\t<div class=\"elementor-element elementor-element-b1c4b5f e-flex e-con-boxed e-con e-parent\" data-id=\"b1c4b5f\" data-element_type=\"container\" data-e-type=\"container\">\n\t\t\t\t\t<div class=\"e-con-inner\">\n\t\t<div class=\"elementor-element elementor-element-8de5c21 e-con-full e-flex e-con e-child\" data-id=\"8de5c21\" data-element_type=\"container\" data-e-type=\"container\">\n\t\t\t\t<\/div>\n\t\t<div class=\"elementor-element elementor-element-44e5a63 e-con-full e-flex e-con e-child\" data-id=\"44e5a63\" data-element_type=\"container\" data-e-type=\"container\">\n\t\t\t\t<div class=\"elementor-element elementor-element-1dac1172 elementor-widget elementor-widget-text-editor\" data-id=\"1dac1172\" data-element_type=\"widget\" data-e-type=\"widget\" data-widget_type=\"text-editor.default\">\n\t\t\t\t<div class=\"elementor-widget-container\">\n\t\t\t\t\t\t\t\t\t<p>Uluslararas\u0131 Robotik Federasyonu'nun 2023 raporuna g\u00f6re:<\/p><p>2022 y\u0131l\u0131nda yakla\u015f\u0131k olarak <b>517,000<\/b> yeni <u>end\u00fcstri\u0307yel robotlar <\/u>d\u00fcnya \u00e7ap\u0131nda kurulmu\u015ftur ve bu say\u0131 her y\u0131l artmaktad\u0131r. <b>121,000<\/b> <u>profesyonel hi\u0307zmet robotlari <\/u>d\u00fcnya \u00e7ap\u0131nda sat\u0131ld\u0131 ve \u00f6zellikle <b>loji\u0307sti\u0307k<\/b>, <b>sa\u011fl\u0131k hizmetleri<\/b> ve <b>TARIM<\/b> sekt\u00f6rler.<\/p>\t\t\t\t\t\t\t\t<\/div>\n\t\t\t\t<\/div>\n\t\t\t\t<\/div>\n\t\t\t\t\t<\/div>\n\t\t\t\t<\/div>\n\t\t<div class=\"elementor-element elementor-element-a39ba80 e-flex e-con-boxed elementor-invisible e-con e-parent\" data-id=\"a39ba80\" data-element_type=\"container\" data-e-type=\"container\" data-settings=\"{&quot;background_background&quot;:&quot;classic&quot;,&quot;animation&quot;:&quot;fadeInUp&quot;}\">\n\t\t\t\t\t<div class=\"e-con-inner\">\n\t\t<div class=\"elementor-element elementor-element-4fbd69d e-con-full e-flex e-con e-child\" data-id=\"4fbd69d\" data-element_type=\"container\" data-e-type=\"container\" data-settings=\"{&quot;background_background&quot;:&quot;classic&quot;}\">\n\t\t\t\t<div class=\"elementor-element elementor-element-7a257da elementor-position-top elementor-widget elementor-widget-image-box\" data-id=\"7a257da\" data-element_type=\"widget\" data-e-type=\"widget\" data-widget_type=\"image-box.default\">\n\t\t\t\t<div class=\"elementor-widget-container\">\n\t\t\t\t\t<div class=\"elementor-image-box-wrapper\"><figure class=\"elementor-image-box-img\"><img fetchpriority=\"high\" decoding=\"async\" width=\"1080\" height=\"1080\" src=\"https:\/\/nctrobotic.com\/wp-content\/uploads\/2024\/07\/01.png\" class=\"attachment-full size-full wp-image-269\" alt=\"\" srcset=\"https:\/\/nctrobotic.com\/wp-content\/uploads\/2024\/07\/01.png 1080w, https:\/\/nctrobotic.com\/wp-content\/uploads\/2024\/07\/01-300x300.png 300w, https:\/\/nctrobotic.com\/wp-content\/uploads\/2024\/07\/01-1024x1024.png 1024w, https:\/\/nctrobotic.com\/wp-content\/uploads\/2024\/07\/01-150x150.png 150w, https:\/\/nctrobotic.com\/wp-content\/uploads\/2024\/07\/01-768x768.png 768w\" sizes=\"(max-width: 1080px) 100vw, 1080px\" \/><\/figure><div class=\"elementor-image-box-content\"><h3 class=\"elementor-image-box-title\">Restoranlar<\/h3><\/div><\/div>\t\t\t\t<\/div>\n\t\t\t\t<\/div>\n\t\t\t\t<\/div>\n\t\t<div class=\"elementor-element elementor-element-a3b039f e-con-full e-flex e-con e-child\" data-id=\"a3b039f\" data-element_type=\"container\" data-e-type=\"container\" data-settings=\"{&quot;background_background&quot;:&quot;classic&quot;}\">\n\t\t\t\t<div class=\"elementor-element elementor-element-a11f66f elementor-position-top elementor-widget elementor-widget-image-box\" data-id=\"a11f66f\" data-element_type=\"widget\" data-e-type=\"widget\" data-widget_type=\"image-box.default\">\n\t\t\t\t<div class=\"elementor-widget-container\">\n\t\t\t\t\t<div class=\"elementor-image-box-wrapper\"><figure class=\"elementor-image-box-img\"><img decoding=\"async\" width=\"1080\" height=\"1080\" src=\"https:\/\/nctrobotic.com\/wp-content\/uploads\/2024\/07\/02.png\" class=\"attachment-full size-full wp-image-274\" alt=\"\" srcset=\"https:\/\/nctrobotic.com\/wp-content\/uploads\/2024\/07\/02.png 1080w, https:\/\/nctrobotic.com\/wp-content\/uploads\/2024\/07\/02-300x300.png 300w, https:\/\/nctrobotic.com\/wp-content\/uploads\/2024\/07\/02-1024x1024.png 1024w, https:\/\/nctrobotic.com\/wp-content\/uploads\/2024\/07\/02-150x150.png 150w, https:\/\/nctrobotic.com\/wp-content\/uploads\/2024\/07\/02-768x768.png 768w\" sizes=\"(max-width: 1080px) 100vw, 1080px\" \/><\/figure><div class=\"elementor-image-box-content\"><h3 class=\"elementor-image-box-title\">Hastaneler<\/h3><\/div><\/div>\t\t\t\t<\/div>\n\t\t\t\t<\/div>\n\t\t\t\t<\/div>\n\t\t<div class=\"elementor-element elementor-element-63998da e-con-full e-flex e-con e-child\" data-id=\"63998da\" data-element_type=\"container\" data-e-type=\"container\" data-settings=\"{&quot;background_background&quot;:&quot;classic&quot;}\">\n\t\t\t\t<div class=\"elementor-element elementor-element-6f7b18a elementor-position-top elementor-widget elementor-widget-image-box\" data-id=\"6f7b18a\" data-element_type=\"widget\" data-e-type=\"widget\" data-widget_type=\"image-box.default\">\n\t\t\t\t<div class=\"elementor-widget-container\">\n\t\t\t\t\t<div class=\"elementor-image-box-wrapper\"><figure class=\"elementor-image-box-img\"><img decoding=\"async\" width=\"1080\" height=\"1080\" src=\"https:\/\/nctrobotic.com\/wp-content\/uploads\/2024\/07\/02.png\" class=\"attachment-full size-full wp-image-274\" alt=\"\" srcset=\"https:\/\/nctrobotic.com\/wp-content\/uploads\/2024\/07\/02.png 1080w, https:\/\/nctrobotic.com\/wp-content\/uploads\/2024\/07\/02-300x300.png 300w, https:\/\/nctrobotic.com\/wp-content\/uploads\/2024\/07\/02-1024x1024.png 1024w, https:\/\/nctrobotic.com\/wp-content\/uploads\/2024\/07\/02-150x150.png 150w, https:\/\/nctrobotic.com\/wp-content\/uploads\/2024\/07\/02-768x768.png 768w\" sizes=\"(max-width: 1080px) 100vw, 1080px\" \/><\/figure><div class=\"elementor-image-box-content\"><h3 class=\"elementor-image-box-title\">Havaalanlar\u0131<\/h3><\/div><\/div>\t\t\t\t<\/div>\n\t\t\t\t<\/div>\n\t\t\t\t<\/div>\n\t\t\t\t\t<\/div>\n\t\t\t\t<\/div>\n\t\t<div class=\"elementor-element elementor-element-76da316 e-flex e-con-boxed elementor-invisible e-con e-parent\" data-id=\"76da316\" data-element_type=\"container\" data-e-type=\"container\" data-settings=\"{&quot;background_background&quot;:&quot;classic&quot;,&quot;animation&quot;:&quot;fadeInUp&quot;}\">\n\t\t\t\t\t<div class=\"e-con-inner\">\n\t\t<div class=\"elementor-element elementor-element-1c68c76 e-con-full e-flex e-con e-child\" data-id=\"1c68c76\" data-element_type=\"container\" data-e-type=\"container\" data-settings=\"{&quot;background_background&quot;:&quot;classic&quot;}\">\n\t\t\t\t<div class=\"elementor-element elementor-element-1c192bd elementor-position-top elementor-widget elementor-widget-image-box\" data-id=\"1c192bd\" data-element_type=\"widget\" data-e-type=\"widget\" data-widget_type=\"image-box.default\">\n\t\t\t\t<div class=\"elementor-widget-container\">\n\t\t\t\t\t<div class=\"elementor-image-box-wrapper\"><figure class=\"elementor-image-box-img\"><img decoding=\"async\" width=\"1080\" height=\"1080\" src=\"https:\/\/nctrobotic.com\/wp-content\/uploads\/2024\/07\/02.png\" class=\"attachment-full size-full wp-image-274\" alt=\"\" srcset=\"https:\/\/nctrobotic.com\/wp-content\/uploads\/2024\/07\/02.png 1080w, https:\/\/nctrobotic.com\/wp-content\/uploads\/2024\/07\/02-300x300.png 300w, https:\/\/nctrobotic.com\/wp-content\/uploads\/2024\/07\/02-1024x1024.png 1024w, https:\/\/nctrobotic.com\/wp-content\/uploads\/2024\/07\/02-150x150.png 150w, https:\/\/nctrobotic.com\/wp-content\/uploads\/2024\/07\/02-768x768.png 768w\" sizes=\"(max-width: 1080px) 100vw, 1080px\" \/><\/figure><div class=\"elementor-image-box-content\"><h3 class=\"elementor-image-box-title\">Perakende<\/h3><\/div><\/div>\t\t\t\t<\/div>\n\t\t\t\t<\/div>\n\t\t\t\t<\/div>\n\t\t<div class=\"elementor-element elementor-element-78a6ca7 e-con-full e-flex e-con e-child\" data-id=\"78a6ca7\" data-element_type=\"container\" data-e-type=\"container\" data-settings=\"{&quot;background_background&quot;:&quot;classic&quot;}\">\n\t\t\t\t<div class=\"elementor-element elementor-element-4ff68f6 elementor-position-top elementor-widget elementor-widget-image-box\" data-id=\"4ff68f6\" data-element_type=\"widget\" data-e-type=\"widget\" data-widget_type=\"image-box.default\">\n\t\t\t\t<div class=\"elementor-widget-container\">\n\t\t\t\t\t<div class=\"elementor-image-box-wrapper\"><figure class=\"elementor-image-box-img\"><img decoding=\"async\" width=\"1080\" height=\"1080\" src=\"https:\/\/nctrobotic.com\/wp-content\/uploads\/2024\/07\/02.png\" class=\"attachment-full size-full wp-image-274\" alt=\"\" srcset=\"https:\/\/nctrobotic.com\/wp-content\/uploads\/2024\/07\/02.png 1080w, https:\/\/nctrobotic.com\/wp-content\/uploads\/2024\/07\/02-300x300.png 300w, https:\/\/nctrobotic.com\/wp-content\/uploads\/2024\/07\/02-1024x1024.png 1024w, https:\/\/nctrobotic.com\/wp-content\/uploads\/2024\/07\/02-150x150.png 150w, https:\/\/nctrobotic.com\/wp-content\/uploads\/2024\/07\/02-768x768.png 768w\" sizes=\"(max-width: 1080px) 100vw, 1080px\" \/><\/figure><div class=\"elementor-image-box-content\"><h3 class=\"elementor-image-box-title\">Hizmet Sekt\u00f6r\u00fc<\/h3><\/div><\/div>\t\t\t\t<\/div>\n\t\t\t\t<\/div>\n\t\t\t\t<\/div>\n\t\t<div class=\"elementor-element elementor-element-1badb23 e-con-full e-flex e-con e-child\" data-id=\"1badb23\" data-element_type=\"container\" data-e-type=\"container\" data-settings=\"{&quot;background_background&quot;:&quot;classic&quot;}\">\n\t\t\t\t<div class=\"elementor-element elementor-element-9c24764 elementor-position-top elementor-widget elementor-widget-image-box\" data-id=\"9c24764\" data-element_type=\"widget\" data-e-type=\"widget\" data-widget_type=\"image-box.default\">\n\t\t\t\t<div class=\"elementor-widget-container\">\n\t\t\t\t\t<div class=\"elementor-image-box-wrapper\"><figure class=\"elementor-image-box-img\"><img decoding=\"async\" width=\"1080\" height=\"1080\" src=\"https:\/\/nctrobotic.com\/wp-content\/uploads\/2024\/07\/03.png\" class=\"attachment-full size-full wp-image-281\" alt=\"\" srcset=\"https:\/\/nctrobotic.com\/wp-content\/uploads\/2024\/07\/03.png 1080w, https:\/\/nctrobotic.com\/wp-content\/uploads\/2024\/07\/03-300x300.png 300w, https:\/\/nctrobotic.com\/wp-content\/uploads\/2024\/07\/03-1024x1024.png 1024w, https:\/\/nctrobotic.com\/wp-content\/uploads\/2024\/07\/03-150x150.png 150w, https:\/\/nctrobotic.com\/wp-content\/uploads\/2024\/07\/03-768x768.png 768w\" sizes=\"(max-width: 1080px) 100vw, 1080px\" \/><\/figure><div class=\"elementor-image-box-content\"><h3 class=\"elementor-image-box-title\">Lojistik<\/h3><\/div><\/div>\t\t\t\t<\/div>\n\t\t\t\t<\/div>\n\t\t\t\t<\/div>\n\t\t\t\t\t<\/div>\n\t\t\t\t<\/div>\n\t\t<div class=\"elementor-element elementor-element-40054175 e-flex e-con-boxed e-con e-parent\" data-id=\"40054175\" data-element_type=\"container\" data-e-type=\"container\" id=\"problem-needs\" data-settings=\"{&quot;background_background&quot;:&quot;classic&quot;}\">\n\t\t\t\t\t<div class=\"e-con-inner\">\n\t\t<div class=\"elementor-element elementor-element-26020dfd e-con-full e-flex e-con e-child\" data-id=\"26020dfd\" data-element_type=\"container\" data-e-type=\"container\" data-settings=\"{&quot;background_background&quot;:&quot;classic&quot;}\">\n\t\t\t\t<div class=\"elementor-element elementor-element-5667676b animated-slow elementor-invisible elementor-widget elementor-widget-heading\" data-id=\"5667676b\" data-element_type=\"widget\" data-e-type=\"widget\" data-settings=\"{&quot;_animation&quot;:&quot;fadeInUp&quot;}\" data-widget_type=\"heading.default\">\n\t\t\t\t<div class=\"elementor-widget-container\">\n\t\t\t\t\t<h2 class=\"elementor-heading-title elementor-size-default\">Problem &amp; Needs<\/h2>\t\t\t\t<\/div>\n\t\t\t\t<\/div>\n\t\t\t\t<div class=\"elementor-element elementor-element-de4d4d7 elementor-widget elementor-widget-text-editor\" data-id=\"de4d4d7\" data-element_type=\"widget\" data-e-type=\"widget\" data-widget_type=\"text-editor.default\">\n\t\t\t\t<div class=\"elementor-widget-container\">\n\t\t\t\t\t\t\t\t\t<p>Otonom hizmet ve end\u00fcstriyel robotlar\u0131n entegrasyonu, \u00e7e\u015fitli sekt\u00f6rlerde artan verimlilik, \u00fcretkenlik ve geli\u015fmi\u015f m\u00fc\u015fteri deneyimi taleplerini kar\u015f\u0131lamak i\u00e7in gereklidir.<\/p><p>\u0130\u015fg\u00fcc\u00fc eksikli\u011fini gidererek, i\u015fletme maliyetlerini d\u00fc\u015f\u00fcrerek ve g\u00fcvenli\u011fi art\u0131rarak bu robotlar modern sanayi ve hizmet sekt\u00f6rlerinde vazge\u00e7ilmez ara\u00e7lar haline gelmektedir.<\/p><p>Bu teknolojilerin k\u00fcresel olarak benimsenmesi artmaya devam ettik\u00e7e, robotik sekt\u00f6r\u00fcnde yenilik ve b\u00fcy\u00fcme i\u00e7in \u00f6nemli bir f\u0131rsat ortaya \u00e7\u0131kmaktad\u0131r.<\/p>\t\t\t\t\t\t\t\t<\/div>\n\t\t\t\t<\/div>\n\t\t\t\t<div class=\"elementor-element elementor-element-5f337ee9 elementor-widget elementor-widget-button\" data-id=\"5f337ee9\" data-element_type=\"widget\" data-e-type=\"widget\" data-widget_type=\"button.default\">\n\t\t\t\t<div class=\"elementor-widget-container\">\n\t\t\t\t\t\t\t\t\t<div class=\"elementor-button-wrapper\">\n\t\t\t\t\t<a class=\"elementor-button elementor-button-link elementor-size-sm\" href=\"https:\/\/nctrobotic.com\/tr\/solution\/\">\n\t\t\t\t\t\t<span class=\"elementor-button-content-wrapper\">\n\t\t\t\t\t\t\t\t\t<span class=\"elementor-button-text\">\u00c7\u00f6z\u00fcm<\/span>\n\t\t\t\t\t<\/span>\n\t\t\t\t\t<\/a>\n\t\t\t\t<\/div>\n\t\t\t\t\t\t\t\t<\/div>\n\t\t\t\t<\/div>\n\t\t\t\t<\/div>\n\t\t\t\t\t<\/div>\n\t\t\t\t<\/div>\n\t\t\t\t<\/div>","protected":false},"excerpt":{"rendered":"<p>Transforming Industries: The Rise of Autonomous Robots in Turkey Autonomous robots are increasingly used in airports, healthcare, shopping centers, and industrial zones. In Turkey, several companies are advancing in this field, enhancing efficiency and reducing costs. These robots handle tasks like passenger guidance in airports, medication delivery in healthcare, and inventory management in shopping centers. [&hellip;]<\/p>\n","protected":false},"author":1,"featured_media":219,"parent":0,"menu_order":0,"comment_status":"closed","ping_status":"closed","template":"elementor_header_footer","meta":{"_acf_changed":false,"footnotes":""},"class_list":["post-237","page","type-page","status-publish","has-post-thumbnail","hentry"],"acf":[],"_links":{"self":[{"href":"https:\/\/nctrobotic.com\/tr\/wp-json\/wp\/v2\/pages\/237","targetHints":{"allow":["GET"]}}],"collection":[{"href":"https:\/\/nctrobotic.com\/tr\/wp-json\/wp\/v2\/pages"}],"about":[{"href":"https:\/\/nctrobotic.com\/tr\/wp-json\/wp\/v2\/types\/page"}],"author":[{"embeddable":true,"href":"https:\/\/nctrobotic.com\/tr\/wp-json\/wp\/v2\/users\/1"}],"replies":[{"embeddable":true,"href":"https:\/\/nctrobotic.com\/tr\/wp-json\/wp\/v2\/comments?post=237"}],"version-history":[{"count":61,"href":"https:\/\/nctrobotic.com\/tr\/wp-json\/wp\/v2\/pages\/237\/revisions"}],"predecessor-version":[{"id":583,"href":"https:\/\/nctrobotic.com\/tr\/wp-json\/wp\/v2\/pages\/237\/revisions\/583"}],"wp:featuredmedia":[{"embeddable":true,"href":"https:\/\/nctrobotic.com\/tr\/wp-json\/wp\/v2\/media\/219"}],"wp:attachment":[{"href":"https:\/\/nctrobotic.com\/tr\/wp-json\/wp\/v2\/media?parent=237"}],"curies":[{"name":"wp","href":"https:\/\/api.w.org\/{rel}","templated":true}]}}